{"id":10765,"date":"2025-07-28T05:38:41","date_gmt":"2025-07-28T05:38:41","guid":{"rendered":"https:\/\/celikinsaat.com.tr\/steel-construction-management-building-suadiye"},"modified":"2025-07-28T06:27:48","modified_gmt":"2025-07-28T06:27:48","slug":"steel-construction-management-building-suadiye","status":"publish","type":"page","link":"https:\/\/celikinsaat.com.tr\/en\/steel-construction-management-building-suadiye","title":{"rendered":"\u00c7elik \u0130n\u015faat Management Building | Suadiye"},"content":{"rendered":"<p><div class=\"fusion-fullwidth fullwidth-box fusion-builder-row-1 fusion-flex-container has-pattern-background has-mask-background fusion-parallax-none nonhundred-percent-fullwidth non-hundred-percent-height-scrolling lazyload\" style=\"--awb-border-radius-top-left:0px;--awb-border-radius-top-right:0px;--awb-border-radius-bottom-right:0px;--awb-border-radius-bottom-left:0px;--awb-padding-top:180px;--awb-padding-bottom:0px;--awb-background-color:rgba(126,91,163,0.72);--awb-background-image:linear-gradient(180deg, rgba(45,45,45,0.57) 0%,rgba(34,37,61,0.21) 100%);;--awb-background-size:cover;--awb-flex-wrap:wrap;\" data-bg=\"https:\/\/celikinsaat.com.tr\/wp-content\/uploads\/2024\/11\/celikinsaat-banner-01.jpg\" data-bg-gradient=\"linear-gradient(180deg, rgba(45,45,45,0.57) 0%,rgba(34,37,61,0.21) 100%)\" ><div class=\"fusion-builder-row fusion-row fusion-flex-align-items-flex-start fusion-flex-content-wrap\" style=\"max-width:1372.8px;margin-left: calc(-4% \/ 2 );margin-right: calc(-4% \/ 2 );\"><div class=\"fusion-layout-column fusion_builder_column fusion-builder-column-0 fusion_builder_column_1_1 1_1 fusion-flex-column fusion-flex-align-self-stretch\" style=\"--awb-padding-left:30px;--awb-bg-size:cover;--awb-width-large:100%;--awb-margin-top-large:0px;--awb-spacing-right-large:1.92%;--awb-margin-bottom-large:0px;--awb-spacing-left-large:1.92%;--awb-width-medium:100%;--awb-order-medium:0;--awb-spacing-right-medium:1.92%;--awb-spacing-left-medium:1.92%;--awb-width-small:100%;--awb-order-small:0;--awb-spacing-right-small:1.92%;--awb-spacing-left-small:1.92%;\"><div class=\"fusion-column-wrapper fusion-column-has-shadow fusion-flex-justify-content-flex-start fusion-content-layout-column\"><div class=\"fusion-title title fusion-title-1 fusion-sep-none fusion-title-text fusion-title-size-two\" style=\"--awb-text-color:var(--awb-color1);--awb-margin-top-small:10px;--awb-margin-right-small:0px;--awb-margin-bottom-small:10px;--awb-margin-left-small:0px;--awb-font-size:40px;\"><h2 class=\"fusion-title-heading title-heading-right\" style=\"font-family:&quot;Anton&quot;;font-style:normal;font-weight:400;margin:0;letter-spacing:1px;font-size:1em;\"><mark class=\"fusion-highlight custom-textcolor highlight1 fusion-text-has-stroke\" style=\"--awb-text-color:rgba(141,118,0,0);--awb-text-stroke-color:#ffffff;\">\u00c7EL\u0130K \u0130N\u015eAAT MANAGEMENT BUILDING | SUADIYE<\/mark><\/h2><\/div><\/div><\/div><\/div><\/div><div class=\"fusion-fullwidth fullwidth-box fusion-builder-row-2 fusion-flex-container nonhundred-percent-fullwidth non-hundred-percent-height-scrolling\" style=\"--awb-border-radius-top-left:0px;--awb-border-radius-top-right:0px;--awb-border-radius-bottom-right:0px;--awb-border-radius-bottom-left:0px;--awb-padding-top:60px;--awb-padding-bottom:0px;--awb-padding-right-medium:10px;--awb-padding-left-medium:10px;--awb-padding-bottom-small:20px;--awb-margin-bottom:0px;--awb-background-color:var(--awb-color1);--awb-flex-wrap:wrap;\" ><div class=\"fusion-builder-row fusion-row fusion-flex-align-items-flex-start fusion-flex-content-wrap\" style=\"max-width:1372.8px;margin-left: calc(-4% \/ 2 );margin-right: calc(-4% \/ 2 );\"><div class=\"fusion-layout-column fusion_builder_column fusion-builder-column-1 fusion_builder_column_2_5 2_5 fusion-flex-column fusion-flex-align-self-flex-start fusion-animated\" style=\"--awb-padding-top-small:1vh;--awb-bg-size:cover;--awb-transition:filter 100ms ease, transform 100ms ease, background-color 100ms ease, border-color 100ms ease;--awb-width-large:40%;--awb-margin-top-large:0px;--awb-spacing-right-large:4.8%;--awb-margin-bottom-large:20px;--awb-spacing-left-large:4.8%;--awb-width-medium:40%;--awb-order-medium:0;--awb-spacing-right-medium:4.8%;--awb-spacing-left-medium:4.8%;--awb-width-small:100%;--awb-order-small:0;--awb-spacing-right-small:1.92%;--awb-spacing-left-small:1.92%;\" data-animationType=\"fadeInRight\" data-animationDuration=\"1.0\" data-animationDelay=\"0.5\" data-animationOffset=\"top-into-view\"><div class=\"fusion-column-wrapper fusion-column-has-shadow fusion-flex-justify-content-flex-end fusion-content-layout-column\"><div class=\"fusion-image-element \" style=\"text-align:center;--awb-aspect-ratio:1 \/ 1;--awb-object-position:53% 26%;--awb-margin-top:0px;--awb-margin-right:0px;--awb-margin-bottom:0px;--awb-margin-left:0px;--awb-caption-title-font-family:var(--h2_typography-font-family);--awb-caption-title-font-weight:var(--h2_typography-font-weight);--awb-caption-title-font-style:var(--h2_typography-font-style);--awb-caption-title-size:var(--h2_typography-font-size);--awb-caption-title-transform:var(--h2_typography-text-transform);--awb-caption-title-line-height:var(--h2_typography-line-height);--awb-caption-title-letter-spacing:var(--h2_typography-letter-spacing);\"><span class=\" fusion-imageframe imageframe-glow imageframe-1 hover-type-none has-aspect-ratio\" style=\"border-radius:5px;-webkit-box-shadow: 0 0 10px var(--awb-color7);box-shadow: 0 0 10px var(--awb-color7);\"><img decoding=\"async\" width=\"700\" height=\"699\" title=\"celik-yonetim-binasi-01\" src=\"https:\/\/celikinsaat.com.tr\/wp-content\/uploads\/2025\/07\/celik-yonetim-binasi-01.jpg\" class=\"img-responsive wp-image-10757 img-with-aspect-ratio disable-lazyload\" data-parent-fit=\"cover\" data-parent-container=\".fusion-image-element\" alt srcset=\"https:\/\/celikinsaat.com.tr\/wp-content\/uploads\/2025\/07\/celik-yonetim-binasi-01-200x200.jpg 200w, https:\/\/celikinsaat.com.tr\/wp-content\/uploads\/2025\/07\/celik-yonetim-binasi-01-400x399.jpg 400w, https:\/\/celikinsaat.com.tr\/wp-content\/uploads\/2025\/07\/celik-yonetim-binasi-01-600x599.jpg 600w, https:\/\/celikinsaat.com.tr\/wp-content\/uploads\/2025\/07\/celik-yonetim-binasi-01.jpg 700w\" sizes=\"(max-width: 800px) 100vw, 600px\" \/><\/span><\/div><div class=\"fusion-content-boxes content-boxes columns row fusion-columns-3 fusion-columns-total-0 fusion-content-boxes-1 content-boxes-icon-on-top content-left\" style=\"--awb-backgroundcolor:var(--awb-color8);--awb-body-color:var(--awb-color2);--awb-title-color:var(--awb-color1);--awb-iconcolor:var(--awb-color8);--awb-hover-accent-color:var(--awb-color5);--awb-circle-hover-accent-color:var(--awb-color5);\" data-animationOffset=\"top-into-view\"><div class=\"fusion-clearfix\"><\/div><\/div><div class=\"fusion-content-boxes content-boxes columns row fusion-columns-3 fusion-columns-total-0 fusion-content-boxes-2 content-boxes-icon-on-top content-left fusion-delayed-animation\" style=\"--awb-backgroundcolor:#f4f2f2;--awb-body-color:#212326;--awb-title-color:#141617;--awb-iconcolor:#ffffff;--awb-margin-bottom:0px;--awb-hover-accent-color:#141617;--awb-circle-hover-accent-color:#141617;\" data-animation-delay=\"500\" data-animationOffset=\"top-into-view\"><div class=\"fusion-clearfix\"><\/div><\/div><\/div><\/div><div class=\"fusion-layout-column fusion_builder_column fusion-builder-column-2 fusion_builder_column_1_2 1_2 fusion-flex-column fusion-flex-align-self-stretch\" style=\"--awb-padding-bottom:2.0vw;--awb-padding-top-small:30px;--awb-padding-bottom-small:30px;--awb-bg-color:var(--awb-color1);--awb-bg-color-hover:var(--awb-color1);--awb-bg-size:cover;--awb-width-large:50%;--awb-margin-top-large:0px;--awb-spacing-right-large:3.84%;--awb-margin-bottom-large:0px;--awb-spacing-left-large:3.84%;--awb-width-medium:50%;--awb-order-medium:0;--awb-spacing-right-medium:3.84%;--awb-spacing-left-medium:3.84%;--awb-width-small:100%;--awb-order-small:0;--awb-spacing-right-small:1.92%;--awb-spacing-left-small:1.92%;\"><div class=\"fusion-column-wrapper fusion-column-has-shadow fusion-flex-justify-content-flex-start fusion-content-layout-column\"><div class=\"fusion-title title fusion-title-2 fusion-sep-none fusion-title-text fusion-title-size-three\" style=\"--awb-text-color:var(--awb-color7);--awb-margin-top-small:10px;--awb-margin-right-small:0px;--awb-margin-bottom-small:10px;--awb-margin-left-small:0px;--awb-text-stroke-color:var(--awb-color8);\"><h3 class=\"fusion-title-heading title-heading-left\" style=\"font-family:&quot;Anton&quot;;font-style:normal;font-weight:400;margin:0;\"><mark class=\"fusion-highlight custom-textcolor highlight1 fusion-text-has-stroke\" style=\"--awb-text-color:hsla(var(--awb-color5-h),var(--awb-color5-s),var(--awb-color5-l),calc(var(--awb-color5-a) - 100%));\">\u00c7elik \u0130n\u015faat <\/mark>Management Building | Suadiye<\/h3><\/div><div class=\"fusion-separator fusion-no-small-visibility\" style=\"align-self: flex-start;margin-right:auto;width:100%;max-width:282px;\"><div class=\"fusion-separator-border sep-single sep-dotted\" style=\"--awb-height:20px;--awb-amount:20px;--awb-sep-color:var(--awb-color4);border-color:var(--awb-color4);border-top-width:1px;\"><\/div><\/div><div class=\"fusion-separator fusion-no-medium-visibility fusion-no-large-visibility\" style=\"align-self: center;margin-left: auto;margin-right: auto;width:100%;max-width:282px;\"><div class=\"fusion-separator-border sep-single sep-dotted\" style=\"--awb-height:20px;--awb-amount:20px;--awb-sep-color:var(--awb-color4);border-color:var(--awb-color4);border-top-width:1px;\"><\/div><\/div><div class=\"fusion-text fusion-text-1 sm-text-align-center fusion-text-no-margin\" style=\"--awb-text-color:var(--awb-color7);--awb-margin-top:40px;--awb-margin-bottom:20px;\"><p>\u00c7elik \u0130n\u015faat Management Building is located in Suadiye &#8211; Ulus Street, one of Istanbul \u201c&#8217;s most prestigious residential and commercial centers, just 80 meters from Bagdat Avenue\u201d; it has been designed with a contemporary architectural approach, advanced engineering standards, and environmentally friendly practices, consisting of 3 basement floors, a ground floor, and 3 regular floors.<\/p>\n<p>This new center of ours;<\/p>\n<ul>\n<li>Smart building systems equipped with high-technology infrastructure that supports digitalization<\/li>\n<li>Modern and functional office spaces<\/li>\n<li>Energy efficiency-focused technical infrastructure<br \/>Employee-centered social areas and high comfort<\/li>\n<li>Environmentally conscious, sustainable building materials<\/li>\n<\/ul>\n<p>will strengthen our corporate culture, increase our operational efficiency, and create long-term added value for all our stakeholders.<\/p>\n<p>Our new management building is not just an office complex; it will also be a strong reflection of \u00c7elik \u0130n\u015faat&#8217;s future-oriented strategic goals, corporate transformation process, and leadership vision in the construction sector.<\/p>\n<\/div><ul style=\"--awb-size:17px;--awb-item-padding-top:10px;--awb-item-padding-right:10px;--awb-item-padding-bottom:10px;--awb-item-padding-left:10px;--awb-odd-row-bgcolor:rgba(244,245,250,0.16);--awb-even-row-bgcolor:var(--awb-color1);--awb-iconcolor:var(--awb-color6);--awb-textcolor:var(--awb-color7);--awb-line-height:28.9px;--awb-icon-width:28.9px;--awb-icon-height:28.9px;--awb-icon-margin:11.9px;--awb-content-margin:40.8px;\" class=\"fusion-checklist fusion-checklist-1 type-icons\"><li class=\"fusion-li-item\" style=\"\"><span class=\"icon-wrapper circle-no\"><i class=\"fusion-li-icon real-estate-property_type\" aria-hidden=\"true\"><\/i><\/span><div class=\"fusion-li-item-content\">\n<p>Management building construction consisting of 3 basement floors, ground floor and 3 regular floors<\/p>\n<\/div><\/li><li class=\"fusion-li-item\" style=\"\"><span class=\"icon-wrapper circle-no\"><i class=\"fusion-li-icon real-estate-location\" aria-hidden=\"true\"><\/i><\/span><div class=\"fusion-li-item-content\">\n<p>Suadiye Neighborhood, Ulus Street No:8 Kad\u0131k\u00f6y \/ Istanbul<\/p>\n<\/div><\/li><li class=\"fusion-li-item\" style=\"\"><span class=\"icon-wrapper circle-no\"><i class=\"fusion-li-icon real-estate-lot_area\" aria-hidden=\"true\"><\/i><\/span><div class=\"fusion-li-item-content\">2,600 m\u00b2 construction area<\/div><\/li><\/ul><div class=\"fusion-separator fusion-full-width-sep\" style=\"align-self: center;margin-left: auto;margin-right: auto;width:100%;\"><div class=\"fusion-separator-border sep-single sep-dotted\" style=\"--awb-height:20px;--awb-amount:20px;border-color:var(--awb-color3);border-top-width:1px;\"><\/div><\/div><div class=\"fusion-separator fusion-full-width-sep\" style=\"align-self: center;margin-left: auto;margin-right: auto;width:100%;\"><div class=\"fusion-separator-border sep-single sep-dotted\" style=\"--awb-height:20px;--awb-amount:20px;border-color:var(--awb-color3);border-top-width:1px;\"><\/div><\/div><div class=\"fusion-builder-row fusion-builder-row-inner fusion-row fusion-flex-align-items-flex-start fusion-flex-content-wrap\" style=\"--awb-flex-grow:0;--awb-flex-grow-medium:0;--awb-flex-grow-small:0;--awb-flex-shrink:0;--awb-flex-shrink-medium:0;--awb-flex-shrink-small:0;width:104% !important;max-width:104% !important;margin-left: calc(-4% \/ 2 );margin-right: calc(-4% \/ 2 );\"><div class=\"fusion-layout-column fusion_builder_column_inner fusion-builder-nested-column-0 fusion_builder_column_inner_1_1 1_1 fusion-flex-column fusion-flex-align-self-stretch fusion-no-small-visibility\" style=\"--awb-padding-top:30px;--awb-padding-bottom:10px;--awb-bg-size:cover;--awb-width-large:100%;--awb-margin-top-large:0px;--awb-spacing-right-large:1.92%;--awb-margin-bottom-large:0px;--awb-spacing-left-large:1.92%;--awb-width-medium:100%;--awb-order-medium:0;--awb-spacing-right-medium:1.92%;--awb-spacing-left-medium:1.92%;--awb-width-small:100%;--awb-order-small:0;--awb-spacing-right-small:1.92%;--awb-spacing-left-small:1.92%;\"><div class=\"fusion-column-wrapper fusion-column-has-shadow fusion-flex-justify-content-flex-start fusion-content-layout-row\"><i class=\"fb-icon-element-1 fb-icon-element fontawesome-icon builder-building-o circle-yes fusion-text-flow\" style=\"--awb-iconcolor:var(--awb-color7);--awb-iconcolor-hover:var(--awb-color5);--awb-circlecolor:var(--awb-color1);--awb-circlecolor-hover:hsla(var(--awb-color7-h),var(--awb-color7-s),var(--awb-color7-l),calc(var(--awb-color7-a) - 50%));--awb-circlebordercolor:var(--awb-color7);--awb-circlebordercolor-hover:var(--awb-color7);--awb-circlebordersize:1px;--awb-font-size:31.68px;--awb-width:63.36px;--awb-height:63.36px;--awb-line-height:61.36px;--awb-margin-right:20px;--awb-margin-bottom:10px;\"><\/i><i class=\"fb-icon-element-2 fb-icon-element fontawesome-icon real-estate-grass circle-yes fusion-text-flow\" style=\"--awb-iconcolor:var(--awb-color7);--awb-iconcolor-hover:var(--awb-color5);--awb-circlecolor:var(--awb-color1);--awb-circlecolor-hover:hsla(var(--awb-color7-h),var(--awb-color7-s),var(--awb-color7-l),calc(var(--awb-color7-a) - 50%));--awb-circlebordercolor:var(--awb-color7);--awb-circlebordercolor-hover:var(--awb-color7);--awb-circlebordersize:1px;--awb-font-size:31.68px;--awb-width:63.36px;--awb-height:63.36px;--awb-line-height:61.36px;--awb-margin-right:20px;--awb-margin-bottom:10px;\"><\/i><\/div><\/div><\/div><div class=\"fusion-builder-row fusion-builder-row-inner fusion-row fusion-flex-align-items-flex-start fusion-flex-content-wrap\" style=\"--awb-flex-grow:0;--awb-flex-grow-medium:0;--awb-flex-grow-small:0;--awb-flex-shrink:0;--awb-flex-shrink-medium:0;--awb-flex-shrink-small:0;width:104% !important;max-width:104% !important;margin-left: calc(-4% \/ 2 );margin-right: calc(-4% \/ 2 );\"><div class=\"fusion-layout-column fusion_builder_column_inner fusion-builder-nested-column-1 fusion_builder_column_inner_1_1 1_1 fusion-flex-column fusion-no-medium-visibility fusion-no-large-visibility\" style=\"--awb-padding-top-small:20px;--awb-bg-size:cover;--awb-width-large:100%;--awb-margin-top-large:0px;--awb-spacing-right-large:1.92%;--awb-margin-bottom-large:0px;--awb-spacing-left-large:1.92%;--awb-width-medium:100%;--awb-order-medium:0;--awb-spacing-right-medium:1.92%;--awb-spacing-left-medium:1.92%;--awb-width-small:100%;--awb-order-small:0;--awb-spacing-right-small:1.92%;--awb-spacing-left-small:1.92%;\"><div class=\"fusion-column-wrapper fusion-column-has-shadow fusion-flex-justify-content-center fusion-content-layout-row\"><i class=\"fb-icon-element-3 fb-icon-element fontawesome-icon awb-business-top-rated circle-yes fusion-text-flow\" style=\"--awb-iconcolor-hover:var(--awb-color5);--awb-circlecolor:hsla(var(--awb-color8-h),var(--awb-color8-s),calc(var(--awb-color8-l) + 3%),var(--awb-color8-a));--awb-circlecolor-hover:hsla(var(--awb-color7-h),var(--awb-color7-s),var(--awb-color7-l),calc(var(--awb-color7-a) - 50%));--awb-circlebordercolor:var(--awb-color7);--awb-circlebordercolor-hover:var(--awb-color7);--awb-circlebordersize:0px;--awb-font-size:50.16px;--awb-width:100.32px;--awb-height:100.32px;--awb-line-height:100.32px;--awb-margin-right:20px;--awb-margin-bottom:10px;\"><\/i><i class=\"fb-icon-element-4 fb-icon-element fontawesome-icon awb-business-history circle-yes fusion-text-flow\" style=\"--awb-iconcolor-hover:var(--awb-color5);--awb-circlecolor:hsla(var(--awb-color8-h),var(--awb-color8-s),calc(var(--awb-color8-l) + 3%),var(--awb-color8-a));--awb-circlecolor-hover:hsla(var(--awb-color7-h),var(--awb-color7-s),var(--awb-color7-l),calc(var(--awb-color7-a) - 50%));--awb-circlebordercolor:var(--awb-color7);--awb-circlebordercolor-hover:var(--awb-color7);--awb-circlebordersize:0px;--awb-font-size:50.16px;--awb-width:100.32px;--awb-height:100.32px;--awb-line-height:100.32px;--awb-margin-right:20px;--awb-margin-bottom:10px;\"><\/i><i class=\"fb-icon-element-5 fb-icon-element fontawesome-icon awb-business-trusted circle-yes fusion-text-flow\" style=\"--awb-iconcolor-hover:var(--awb-color5);--awb-circlecolor:hsla(var(--awb-color8-h),var(--awb-color8-s),calc(var(--awb-color8-l) + 3%),var(--awb-color8-a));--awb-circlecolor-hover:hsla(var(--awb-color7-h),var(--awb-color7-s),var(--awb-color7-l),calc(var(--awb-color7-a) - 50%));--awb-circlebordercolor:var(--awb-color7);--awb-circlebordercolor-hover:var(--awb-color7);--awb-circlebordersize:0px;--awb-font-size:50.16px;--awb-width:100.32px;--awb-height:100.32px;--awb-line-height:100.32px;--awb-margin-right:20px;--awb-margin-bottom:10px;\"><\/i><\/div><\/div><\/div><\/div><\/div><\/div><\/div><div class=\"fusion-fullwidth fullwidth-box fusion-builder-row-3 fusion-flex-container has-pattern-background has-mask-background hundred-percent-fullwidth non-hundred-percent-height-scrolling\" style=\"--awb-border-color:#000000;--awb-border-radius-top-left:0px;--awb-border-radius-top-right:0px;--awb-border-radius-bottom-right:0px;--awb-border-radius-bottom-left:0px;--awb-padding-top:0px;--awb-padding-right:0px;--awb-padding-bottom:0px;--awb-padding-left:0px;--awb-margin-top:0px;--awb-margin-bottom:0px;--awb-background-color:rgba(244,245,250,0.58);--awb-background-image:linear-gradient(90deg, var(--awb-color1) 15%,var(--awb-color2) 100%);--awb-flex-wrap:wrap;\" ><div class=\"fusion-builder-row fusion-row fusion-flex-align-items-flex-start fusion-flex-content-wrap\" style=\"width:104% !important;max-width:104% !important;margin-left: calc(-4% \/ 2 );margin-right: calc(-4% \/ 2 );\"><div class=\"fusion-layout-column fusion_builder_column fusion-builder-column-3 fusion_builder_column_1_1 1_1 fusion-flex-column\" style=\"--awb-padding-top:5px;--awb-padding-bottom:5px;--awb-bg-size:cover;--awb-border-color:var(--awb-color3);--awb-border-top:1px;--awb-border-bottom:1px;--awb-border-style:solid;--awb-width-large:100%;--awb-margin-top-large:0px;--awb-spacing-right-large:1.92%;--awb-margin-bottom-large:0px;--awb-spacing-left-large:1.92%;--awb-width-medium:100%;--awb-order-medium:0;--awb-spacing-right-medium:1.92%;--awb-spacing-left-medium:1.92%;--awb-width-small:100%;--awb-order-small:0;--awb-spacing-right-small:1.92%;--awb-spacing-left-small:1.92%;\"><div class=\"fusion-column-wrapper fusion-column-has-shadow fusion-flex-justify-content-center fusion-content-layout-column\"><div class=\"fusion-title title fusion-title-3 fusion-sep-none fusion-title-text fusion-title-size-four\" style=\"--awb-text-color:var(--awb-color7);--awb-margin-top:3px;--awb-margin-bottom:3px;--awb-margin-left:80px;--awb-margin-top-small:10px;--awb-margin-right-small:0px;--awb-margin-bottom-small:10px;--awb-margin-left-small:0px;--awb-text-stroke-color:var(--awb-color8);\"><h4 class=\"fusion-title-heading title-heading-left\" style=\"font-family:&quot;Anton&quot;;font-style:normal;font-weight:400;margin:0;\"><mark class=\"fusion-highlight custom-textcolor highlight1 fusion-text-has-stroke\" style=\"--awb-text-color:hsla(var(--awb-color5-h),var(--awb-color5-s),var(--awb-color5-l),calc(var(--awb-color5-a) - 100%));--awb-text-stroke-color:#091057;\">Project<\/mark> Location<\/h4><\/div><\/div><\/div><div class=\"fusion-layout-column fusion_builder_column fusion-builder-column-4 fusion_builder_column_1_1 1_1 fusion-flex-column\" style=\"--awb-bg-size:cover;--awb-width-large:100%;--awb-margin-top-large:0px;--awb-spacing-right-large:1.92%;--awb-margin-bottom-large:0px;--awb-spacing-left-large:1.92%;--awb-width-medium:100%;--awb-order-medium:0;--awb-spacing-right-medium:1.92%;--awb-spacing-left-medium:1.92%;--awb-width-small:100%;--awb-order-small:0;--awb-spacing-right-small:1.92%;--awb-spacing-left-small:1.92%;\"><div class=\"fusion-column-wrapper fusion-column-has-shadow fusion-flex-justify-content-flex-start fusion-content-layout-column\"><div style=\"--awb-height:500px;--awb-popup-background-color:rgba(61,67,109,0.54);--awb-popup-title-font-size:16px;--awb-popup-title-line-height:1.4;--awb-popup-title-color:var(--awb-color1);--awb-popup-title-margin-top:12px;--awb-popup-title-margin-bottom:12px;--awb-popup-title-alignment:left;--awb-popup-content-font-size:16px;--awb-popup-content-line-height:1.5;--awb-popup-content-color:var(--awb-color1);--awb-popup-title-font-family:&quot;Open Sans&quot;;--awb-popup-title-font-style:normal;--awb-popup-title-font-weight:400;--awb-popup-content-font-family:&quot;Open Sans&quot;;--awb-popup-content-font-style:normal;--awb-popup-content-font-weight:300;\" class=\"awb-openstreet-map awb-openstreet-map-1\" data-map-style=\"osm-carto\" data-map-type=\"marker\" data-zoom=\"16.5\" data-zoomsnap=\"1.0\" data-zoomcontrol=\"1\" data-scrollwheelzoom=\"\" data-dragging=\"1\" data-touchzoom=\"1\" data-dbclickzoom=\"1\" data-fitbounds=\"\" data-shape-color=\"rgba(247,55,96,1)\" data-shape-weight=\"3\"><div class=\"awb-openstreet-map-marker awb-openstreet-map-marker-1\" data-latitude=\"40.958906\" data-longitude=\"29.086681\" data-icon=\"fa-map-marker-alt fas\" data-action=\"static_close_on\"><div class=\"awb-openstreet-map-marker-icon-wrapper awb-openstreet-map-marker-anim-pulsating\" style=\"--awb-size:25px;--awb-background-color:rgba(247,55,96,0.57);\"><i class=\"fa-map-marker-alt fas\"><\/i><\/div><div class=\"awb-openstreet-map-content-wrapper\"><h5 class=\"awb-openstreet-map-marker-title\">Suadiye Neighborhood, Ulus Street No:8 Kad\u0131k\u00f6y \/ Istanbul<\/h5><\/div><\/div><\/div><\/div><\/div><\/div><\/div><\/p>\n","protected":false},"excerpt":{"rendered":"","protected":false},"author":1,"featured_media":0,"parent":0,"menu_order":0,"comment_status":"closed","ping_status":"closed","template":"100-width.php","meta":{"_acf_changed":false,"footnotes":""},"class_list":["post-10765","page","type-page","status-publish","hentry"],"acf":[],"_links":{"self":[{"href":"https:\/\/celikinsaat.com.tr\/en\/wp-json\/wp\/v2\/pages\/10765","targetHints":{"allow":["GET"]}}],"collection":[{"href":"https:\/\/celikinsaat.com.tr\/en\/wp-json\/wp\/v2\/pages"}],"about":[{"href":"https:\/\/celikinsaat.com.tr\/en\/wp-json\/wp\/v2\/types\/page"}],"author":[{"embeddable":true,"href":"https:\/\/celikinsaat.com.tr\/en\/wp-json\/wp\/v2\/users\/1"}],"replies":[{"embeddable":true,"href":"https:\/\/celikinsaat.com.tr\/en\/wp-json\/wp\/v2\/comments?post=10765"}],"version-history":[{"count":7,"href":"https:\/\/celikinsaat.com.tr\/en\/wp-json\/wp\/v2\/pages\/10765\/revisions"}],"predecessor-version":[{"id":10772,"href":"https:\/\/celikinsaat.com.tr\/en\/wp-json\/wp\/v2\/pages\/10765\/revisions\/10772"}],"wp:attachment":[{"href":"https:\/\/celikinsaat.com.tr\/en\/wp-json\/wp\/v2\/media?parent=10765"}],"curies":[{"name":"wp","href":"https:\/\/api.w.org\/{rel}","templated":true}]}}